{"id":3285,"date":"2026-04-24T16:09:52","date_gmt":"2026-04-24T16:09:52","guid":{"rendered":"https:\/\/playvolleycamp.com\/?page_id=3285"},"modified":"2026-04-24T17:41:00","modified_gmt":"2026-04-24T17:41:00","slug":"camp-for-middle-blockers","status":"publish","type":"page","link":"https:\/\/playvolleycamp.com\/en\/camp-for-middle-blockers\/","title":{"rendered":"CAMP FOR MIDDLE BLOCKERS"},"content":{"rendered":"\t\t<div data-elementor-type=\"wp-page\" data-elementor-id=\"3285\" class=\"elementor elementor-3285 elementor-3284\">\n\t\t\t\t\t\t<section class=\"elementor-section elementor-top-section elementor-element elementor-element-8ea98a9 elementor-section-boxed elementor-section-height-default elementor-section-height-default parallax_section_no qode_elementor_container_no\" data-id=\"8ea98a9\" data-element_type=\"section\" data-e-type=\"section\">\n\t\t\t\t\t\t<div class=\"elementor-container elementor-column-gap-default\">\n\t\t\t\t\t<div class=\"elementor-column elementor-col-100 elementor-top-column elementor-element elementor-element-eccc387\" data-id=\"eccc387\" data-element_type=\"column\" data-e-type=\"column\">\n\t\t\t<div class=\"elementor-widget-wrap elementor-element-populated\">\n\t\t\t\t\t\t<div class=\"elementor-element elementor-element-69b7132 elementor-widget elementor-widget-heading\" data-id=\"69b7132\" data-element_type=\"widget\" data-e-type=\"widget\" data-widget_type=\"heading.default\">\n\t\t\t\t<div class=\"elementor-widget-container\">\n\t\t\t\t\t<h1 class=\"elementor-heading-title elementor-size-default\">CAMP FOR MIDDLE BLOCKERS WITH MILENA RA\u0160I\u0106<\/h1>\t\t\t\t<\/div>\n\t\t\t\t<\/div>\n\t\t\t\t\t<\/div>\n\t\t<\/div>\n\t\t\t\t\t<\/div>\n\t\t<\/section>\n\t\t\t\t<section class=\"elementor-section elementor-top-section elementor-element elementor-element-51a04f4 elementor-section-boxed elementor-section-height-default elementor-section-height-default parallax_section_no qode_elementor_container_no\" data-id=\"51a04f4\" data-element_type=\"section\" data-e-type=\"section\">\n\t\t\t\t\t\t<div class=\"elementor-container elementor-column-gap-default\">\n\t\t\t\t\t<div class=\"elementor-column elementor-col-50 elementor-top-column elementor-element elementor-element-7980cd6\" data-id=\"7980cd6\" data-element_type=\"column\" data-e-type=\"column\">\n\t\t\t<div class=\"elementor-widget-wrap elementor-element-populated\">\n\t\t\t\t\t\t<div class=\"elementor-element elementor-element-9cf444b elementor-widget elementor-widget-image\" data-id=\"9cf444b\" data-element_type=\"widget\" data-e-type=\"widget\" data-widget_type=\"image.default\">\n\t\t\t\t<div class=\"elementor-widget-container\">\n\t\t\t\t\t\t\t\t\t\t\t\t\t\t\t<img fetchpriority=\"high\" decoding=\"async\" width=\"828\" height=\"554\" src=\"https:\/\/playvolleycamp.com\/wp-content\/uploads\/2026\/04\/IMG_0292.jpg\" class=\"attachment-large size-large wp-image-3297\" alt=\"Kamp za srednje blokere sa Milenom Ra\u0161i\u0107 1\" srcset=\"https:\/\/playvolleycamp.com\/wp-content\/uploads\/2026\/04\/IMG_0292.jpg 828w, https:\/\/playvolleycamp.com\/wp-content\/uploads\/2026\/04\/IMG_0292-300x201.jpg 300w, https:\/\/playvolleycamp.com\/wp-content\/uploads\/2026\/04\/IMG_0292-768x514.jpg 768w, https:\/\/playvolleycamp.com\/wp-content\/uploads\/2026\/04\/IMG_0292-700x468.jpg 700w\" sizes=\"(max-width: 828px) 100vw, 828px\" \/>\t\t\t\t\t\t\t\t\t\t\t\t\t\t\t<\/div>\n\t\t\t\t<\/div>\n\t\t\t\t\t<\/div>\n\t\t<\/div>\n\t\t\t\t<div class=\"elementor-column elementor-col-50 elementor-top-column elementor-element elementor-element-23aa426\" data-id=\"23aa426\" data-element_type=\"column\" data-e-type=\"column\">\n\t\t\t<div class=\"elementor-widget-wrap elementor-element-populated\">\n\t\t\t\t\t\t<div class=\"elementor-element elementor-element-6360491 elementor-widget elementor-widget-text-editor\" data-id=\"6360491\" data-element_type=\"widget\" data-e-type=\"widget\" data-widget_type=\"text-editor.default\">\n\t\t\t\t<div class=\"elementor-widget-container\">\n\t\t\t\t\t\t\t\t\t<p style=\"text-align: center;\"><span style=\"color: #ffffff;\"><strong><span style=\"color: #000000;\">With us at the camp this year is MILENA RA\u0160I\u0106, one of our most trophy players of all time, both in club and national team volleyball.<\/span><\/strong><\/span><\/p><p style=\"text-align: center;\"><span style=\"color: #ffffff;\"><strong><span style=\"color: #000000;\">Don&#8217;t miss Milena Ra\u0161i\u0107&#8217;s camp for middle blockers<\/span><\/strong><\/span> at<span style=\"color: #ffffff;\"><strong><span style=\"color: #000000;\"> the Play Volley Camp.<\/span><\/strong><\/span> <\/p>\t\t\t\t\t\t\t\t<\/div>\n\t\t\t\t<\/div>\n\t\t\t\t<div class=\"elementor-element elementor-element-7945293 elementor-widget elementor-widget-text-editor\" data-id=\"7945293\" data-element_type=\"widget\" data-e-type=\"widget\" data-widget_type=\"text-editor.default\">\n\t\t\t\t<div class=\"elementor-widget-container\">\n\t\t\t\t\t\t\t\t\t<div class=\"elementor-element elementor-element-9f3b458 elementor-widget elementor-widget-text-editor\" data-id=\"9f3b458\" data-element_type=\"widget\" data-widget_type=\"text-editor.default\"><div class=\"elementor-widget-container\"><p style=\"text-align: center;\"><span style=\"color: #000000;\">Anyone who wants to improve their knowledge in all segments in the middle blocker position will have a special opportunity to work individually with the multiple times winner of the Champions League, Milena Ra\u0161i\u0107, for the first time at our camp.<\/span><\/p><p style=\"text-align: center;\"><span style=\"color: #000000;\">A special focus will be on improving the technical and tactical elements of the block, as well as a detailed analysis, with advice on how players in that position can improve their mental strength and concentration.<\/span><\/p><p style=\"text-align: center;\"><span style=\"color: #000000;\">The training sessions will be adapted to the experience and abilities of the campers.<\/span><\/p><p style=\"text-align: center;\"><span style=\"color: #000000;\">Camp for middle blockers includes two training sessions a day with Milena.<\/span><\/p><\/div><\/div>\t\t\t\t\t\t\t\t<\/div>\n\t\t\t\t<\/div>\n\t\t\t\t<div class=\"elementor-element elementor-element-67fa1d5 elementor-align-center elementor-widget elementor-widget-button\" data-id=\"67fa1d5\" data-element_type=\"widget\" data-e-type=\"widget\" data-widget_type=\"button.default\">\n\t\t\t\t<div class=\"elementor-widget-container\">\n\t\t\t\t\t\t\t\t\t<div class=\"elementor-button-wrapper\">\n\t\t\t\t\t<a class=\"elementor-button elementor-button-link elementor-size-sm\" href=\"https:\/\/playvolleycamp.com\/en\/sign-up\/\">\n\t\t\t\t\t\t<span class=\"elementor-button-content-wrapper\">\n\t\t\t\t\t\t\t\t\t<span class=\"elementor-button-text\">SIGN UP<\/span>\n\t\t\t\t\t<\/span>\n\t\t\t\t\t<\/a>\n\t\t\t\t<\/div>\n\t\t\t\t\t\t\t\t<\/div>\n\t\t\t\t<\/div>\n\t\t\t\t\t<\/div>\n\t\t<\/div>\n\t\t\t\t\t<\/div>\n\t\t<\/section>\n\t\t\t\t<section class=\"elementor-section elementor-top-section elementor-element elementor-element-dc9ad6d elementor-section-boxed elementor-section-height-default elementor-section-height-default parallax_section_no qode_elementor_container_no\" data-id=\"dc9ad6d\" data-element_type=\"section\" data-e-type=\"section\">\n\t\t\t\t\t\t<div class=\"elementor-container elementor-column-gap-default\">\n\t\t\t\t\t<div class=\"elementor-column elementor-col-50 elementor-top-column elementor-element elementor-element-d398532\" data-id=\"d398532\" data-element_type=\"column\" data-e-type=\"column\">\n\t\t\t<div class=\"elementor-widget-wrap elementor-element-populated\">\n\t\t\t\t\t\t<div class=\"elementor-element elementor-element-b01df2b elementor-widget elementor-widget-text-editor\" data-id=\"b01df2b\" data-element_type=\"widget\" data-e-type=\"widget\" data-widget_type=\"text-editor.default\">\n\t\t\t\t<div class=\"elementor-widget-container\">\n\t\t\t\t\t\t\t\t\t<p>All middle blockers who want to improve their technique, master new skills, learn how to tactically and mentally present the role of middle blocker in the best possible way in every situation, are welcome to apply and be part of our unique camp.<\/p><p>The camp for middle blockers includes two training sessions a day with Milena,<\/p><p>without group training.<\/p><p>This is an exceptional opportunity to learn from the best.<\/p><p>The number of participants is limited.<\/p><p>The price of the camp for intermediate blockers is 750 eur.<\/p><p>That is the total cost of the camp for middle blockers for all 7 days of the camp.<\/p><p>Intermediate blockers will have all the same conditions as other campers at Hotel Zepter when it comes to accommodation, food, equipment and additional activities, but they will also have the special privilege of working individually with Milena Ra\u0161i\u0107.<\/p>\t\t\t\t\t\t\t\t<\/div>\n\t\t\t\t<\/div>\n\t\t\t\t\t<\/div>\n\t\t<\/div>\n\t\t\t\t<div class=\"elementor-column elementor-col-50 elementor-top-column elementor-element elementor-element-04a9e7d\" data-id=\"04a9e7d\" data-element_type=\"column\" data-e-type=\"column\">\n\t\t\t<div class=\"elementor-widget-wrap elementor-element-populated\">\n\t\t\t\t\t\t<div class=\"elementor-element elementor-element-304ed8b elementor-widget elementor-widget-image\" data-id=\"304ed8b\" data-element_type=\"widget\" data-e-type=\"widget\" data-widget_type=\"image.default\">\n\t\t\t\t<div class=\"elementor-widget-container\">\n\t\t\t\t\t\t\t\t\t\t\t\t\t\t\t<img decoding=\"async\" width=\"1024\" height=\"856\" src=\"https:\/\/playvolleycamp.com\/wp-content\/uploads\/2026\/04\/IMG_0250.JPG-1024x856.jpeg\" class=\"attachment-large size-large wp-image-3295\" alt=\"Kamp za srednje blokere sa Milenom Ra\u0161i\u0107 2\" srcset=\"https:\/\/playvolleycamp.com\/wp-content\/uploads\/2026\/04\/IMG_0250.JPG-1024x856.jpeg 1024w, https:\/\/playvolleycamp.com\/wp-content\/uploads\/2026\/04\/IMG_0250.JPG-300x251.jpeg 300w, https:\/\/playvolleycamp.com\/wp-content\/uploads\/2026\/04\/IMG_0250.JPG-768x642.jpeg 768w, https:\/\/playvolleycamp.com\/wp-content\/uploads\/2026\/04\/IMG_0250.JPG-700x585.jpeg 700w, https:\/\/playvolleycamp.com\/wp-content\/uploads\/2026\/04\/IMG_0250.JPG.jpeg 1196w\" sizes=\"(max-width: 1024px) 100vw, 1024px\" \/>\t\t\t\t\t\t\t\t\t\t\t\t\t\t\t<\/div>\n\t\t\t\t<\/div>\n\t\t\t\t\t<\/div>\n\t\t<\/div>\n\t\t\t\t\t<\/div>\n\t\t<\/section>\n\t\t\t\t<\/div>\n\t\t","protected":false},"excerpt":{"rendered":"<p>CAMP FOR MIDDLE BLOCKERS WITH MILENA RA\u0160I\u0106 With us at the camp this year is MILENA RA\u0160I\u0106, one of our most trophy players of all time, both in club and national team volleyball. Don&#8217;t miss Milena Ra\u0161i\u0107&#8217;s camp for middle blockers at the Play Volley&#8230;<\/p>\n","protected":false},"author":1,"featured_media":0,"parent":0,"menu_order":0,"comment_status":"closed","ping_status":"closed","template":"","meta":{"footnotes":""},"class_list":["post-3285","page","type-page","status-publish","hentry"],"yoast_head":"<!-- This site is optimized with the Yoast SEO plugin v27.4 - https:\/\/yoast.com\/product\/yoast-seo-wordpress\/ -->\n<title>CAMP FOR MIDDLE BLOCKERS - Play Volley Camp<\/title>\n<meta name=\"description\" content=\"Anyone who wants to improve their knowledge in the middle blocker position will have a special opportunity to work individually with Milena Ra\u0161i\u0107 at the camp.\" \/>\n<meta name=\"robots\" content=\"index, follow, max-snippet:-1, max-image-preview:large, max-video-preview:-1\" \/>\n<link rel=\"canonical\" href=\"https:\/\/playvolleycamp.com\/en\/camp-for-middle-blockers\/\" \/>\n<meta property=\"og:locale\" content=\"en_US\" \/>\n<meta property=\"og:type\" content=\"article\" \/>\n<meta property=\"og:title\" content=\"CAMP FOR MIDDLE BLOCKERS - Play Volley Camp\" \/>\n<meta property=\"og:description\" content=\"Anyone who wants to improve their knowledge in the middle blocker position will have a special opportunity to work individually with Milena Ra\u0161i\u0107 at the camp.\" \/>\n<meta property=\"og:url\" content=\"https:\/\/playvolleycamp.com\/en\/camp-for-middle-blockers\/\" \/>\n<meta property=\"og:site_name\" content=\"Play Volley Camp\" \/>\n<meta property=\"article:modified_time\" content=\"2026-04-24T17:41:00+00:00\" \/>\n<meta property=\"og:image\" content=\"https:\/\/playvolleycamp.com\/wp-content\/uploads\/2026\/04\/IMG_0292.jpg\" \/>\n\t<meta property=\"og:image:width\" content=\"828\" \/>\n\t<meta property=\"og:image:height\" content=\"554\" \/>\n\t<meta property=\"og:image:type\" content=\"image\/jpeg\" \/>\n<meta name=\"twitter:card\" content=\"summary_large_image\" \/>\n<meta name=\"twitter:label1\" content=\"Est. reading time\" \/>\n\t<meta name=\"twitter:data1\" content=\"3 minutes\" \/>\n<script type=\"application\/ld+json\" class=\"yoast-schema-graph\">{\"@context\":\"https:\\\/\\\/schema.org\",\"@graph\":[{\"@type\":\"WebPage\",\"@id\":\"https:\\\/\\\/playvolleycamp.com\\\/en\\\/camp-for-middle-blockers\\\/\",\"url\":\"https:\\\/\\\/playvolleycamp.com\\\/en\\\/camp-for-middle-blockers\\\/\",\"name\":\"CAMP FOR MIDDLE BLOCKERS - Play Volley Camp\",\"isPartOf\":{\"@id\":\"https:\\\/\\\/playvolleycamp.com\\\/en\\\/#website\"},\"primaryImageOfPage\":{\"@id\":\"https:\\\/\\\/playvolleycamp.com\\\/en\\\/camp-for-middle-blockers\\\/#primaryimage\"},\"image\":{\"@id\":\"https:\\\/\\\/playvolleycamp.com\\\/en\\\/camp-for-middle-blockers\\\/#primaryimage\"},\"thumbnailUrl\":\"https:\\\/\\\/playvolleycamp.com\\\/wp-content\\\/uploads\\\/2026\\\/04\\\/IMG_0292.jpg\",\"datePublished\":\"2026-04-24T16:09:52+00:00\",\"dateModified\":\"2026-04-24T17:41:00+00:00\",\"description\":\"Anyone who wants to improve their knowledge in the middle blocker position will have a special opportunity to work individually with Milena Ra\u0161i\u0107 at the camp.\",\"breadcrumb\":{\"@id\":\"https:\\\/\\\/playvolleycamp.com\\\/en\\\/camp-for-middle-blockers\\\/#breadcrumb\"},\"inLanguage\":\"en-US\",\"potentialAction\":[{\"@type\":\"ReadAction\",\"target\":[\"https:\\\/\\\/playvolleycamp.com\\\/en\\\/camp-for-middle-blockers\\\/\"]}]},{\"@type\":\"ImageObject\",\"inLanguage\":\"en-US\",\"@id\":\"https:\\\/\\\/playvolleycamp.com\\\/en\\\/camp-for-middle-blockers\\\/#primaryimage\",\"url\":\"https:\\\/\\\/playvolleycamp.com\\\/wp-content\\\/uploads\\\/2026\\\/04\\\/IMG_0292.jpg\",\"contentUrl\":\"https:\\\/\\\/playvolleycamp.com\\\/wp-content\\\/uploads\\\/2026\\\/04\\\/IMG_0292.jpg\"},{\"@type\":\"BreadcrumbList\",\"@id\":\"https:\\\/\\\/playvolleycamp.com\\\/en\\\/camp-for-middle-blockers\\\/#breadcrumb\",\"itemListElement\":[{\"@type\":\"ListItem\",\"position\":1,\"name\":\"Home\",\"item\":\"https:\\\/\\\/playvolleycamp.com\\\/en\\\/\"},{\"@type\":\"ListItem\",\"position\":2,\"name\":\"CAMP FOR MIDDLE BLOCKERS\"}]},{\"@type\":\"WebSite\",\"@id\":\"https:\\\/\\\/playvolleycamp.com\\\/en\\\/#website\",\"url\":\"https:\\\/\\\/playvolleycamp.com\\\/en\\\/\",\"name\":\"Play Volley Camp\",\"description\":\"Play Volley Camp\",\"publisher\":{\"@id\":\"https:\\\/\\\/playvolleycamp.com\\\/en\\\/#organization\"},\"potentialAction\":[{\"@type\":\"SearchAction\",\"target\":{\"@type\":\"EntryPoint\",\"urlTemplate\":\"https:\\\/\\\/playvolleycamp.com\\\/en\\\/?s={search_term_string}\"},\"query-input\":{\"@type\":\"PropertyValueSpecification\",\"valueRequired\":true,\"valueName\":\"search_term_string\"}}],\"inLanguage\":\"en-US\"},{\"@type\":\"Organization\",\"@id\":\"https:\\\/\\\/playvolleycamp.com\\\/en\\\/#organization\",\"name\":\"Play Volley Camp\",\"url\":\"https:\\\/\\\/playvolleycamp.com\\\/en\\\/\",\"logo\":{\"@type\":\"ImageObject\",\"inLanguage\":\"en-US\",\"@id\":\"https:\\\/\\\/playvolleycamp.com\\\/en\\\/#\\\/schema\\\/logo\\\/image\\\/\",\"url\":\"https:\\\/\\\/playvolleycamp.com\\\/wp-content\\\/uploads\\\/2023\\\/02\\\/logo-PVC-1024x702-1.png\",\"contentUrl\":\"https:\\\/\\\/playvolleycamp.com\\\/wp-content\\\/uploads\\\/2023\\\/02\\\/logo-PVC-1024x702-1.png\",\"width\":1024,\"height\":702,\"caption\":\"Play Volley Camp\"},\"image\":{\"@id\":\"https:\\\/\\\/playvolleycamp.com\\\/en\\\/#\\\/schema\\\/logo\\\/image\\\/\"}}]}<\/script>\n<!-- \/ Yoast SEO plugin. -->","yoast_head_json":{"title":"CAMP FOR MIDDLE BLOCKERS - Play Volley Camp","description":"Anyone who wants to improve their knowledge in the middle blocker position will have a special opportunity to work individually with Milena Ra\u0161i\u0107 at the camp.","robots":{"index":"index","follow":"follow","max-snippet":"max-snippet:-1","max-image-preview":"max-image-preview:large","max-video-preview":"max-video-preview:-1"},"canonical":"https:\/\/playvolleycamp.com\/en\/camp-for-middle-blockers\/","og_locale":"en_US","og_type":"article","og_title":"CAMP FOR MIDDLE BLOCKERS - Play Volley Camp","og_description":"Anyone who wants to improve their knowledge in the middle blocker position will have a special opportunity to work individually with Milena Ra\u0161i\u0107 at the camp.","og_url":"https:\/\/playvolleycamp.com\/en\/camp-for-middle-blockers\/","og_site_name":"Play Volley Camp","article_modified_time":"2026-04-24T17:41:00+00:00","og_image":[{"width":828,"height":554,"url":"https:\/\/playvolleycamp.com\/wp-content\/uploads\/2026\/04\/IMG_0292.jpg","type":"image\/jpeg"}],"twitter_card":"summary_large_image","twitter_misc":{"Est. reading time":"3 minutes"},"schema":{"@context":"https:\/\/schema.org","@graph":[{"@type":"WebPage","@id":"https:\/\/playvolleycamp.com\/en\/camp-for-middle-blockers\/","url":"https:\/\/playvolleycamp.com\/en\/camp-for-middle-blockers\/","name":"CAMP FOR MIDDLE BLOCKERS - Play Volley Camp","isPartOf":{"@id":"https:\/\/playvolleycamp.com\/en\/#website"},"primaryImageOfPage":{"@id":"https:\/\/playvolleycamp.com\/en\/camp-for-middle-blockers\/#primaryimage"},"image":{"@id":"https:\/\/playvolleycamp.com\/en\/camp-for-middle-blockers\/#primaryimage"},"thumbnailUrl":"https:\/\/playvolleycamp.com\/wp-content\/uploads\/2026\/04\/IMG_0292.jpg","datePublished":"2026-04-24T16:09:52+00:00","dateModified":"2026-04-24T17:41:00+00:00","description":"Anyone who wants to improve their knowledge in the middle blocker position will have a special opportunity to work individually with Milena Ra\u0161i\u0107 at the camp.","breadcrumb":{"@id":"https:\/\/playvolleycamp.com\/en\/camp-for-middle-blockers\/#breadcrumb"},"inLanguage":"en-US","potentialAction":[{"@type":"ReadAction","target":["https:\/\/playvolleycamp.com\/en\/camp-for-middle-blockers\/"]}]},{"@type":"ImageObject","inLanguage":"en-US","@id":"https:\/\/playvolleycamp.com\/en\/camp-for-middle-blockers\/#primaryimage","url":"https:\/\/playvolleycamp.com\/wp-content\/uploads\/2026\/04\/IMG_0292.jpg","contentUrl":"https:\/\/playvolleycamp.com\/wp-content\/uploads\/2026\/04\/IMG_0292.jpg"},{"@type":"BreadcrumbList","@id":"https:\/\/playvolleycamp.com\/en\/camp-for-middle-blockers\/#breadcrumb","itemListElement":[{"@type":"ListItem","position":1,"name":"Home","item":"https:\/\/playvolleycamp.com\/en\/"},{"@type":"ListItem","position":2,"name":"CAMP FOR MIDDLE BLOCKERS"}]},{"@type":"WebSite","@id":"https:\/\/playvolleycamp.com\/en\/#website","url":"https:\/\/playvolleycamp.com\/en\/","name":"Play Volley Camp","description":"Play Volley Camp","publisher":{"@id":"https:\/\/playvolleycamp.com\/en\/#organization"},"potentialAction":[{"@type":"SearchAction","target":{"@type":"EntryPoint","urlTemplate":"https:\/\/playvolleycamp.com\/en\/?s={search_term_string}"},"query-input":{"@type":"PropertyValueSpecification","valueRequired":true,"valueName":"search_term_string"}}],"inLanguage":"en-US"},{"@type":"Organization","@id":"https:\/\/playvolleycamp.com\/en\/#organization","name":"Play Volley Camp","url":"https:\/\/playvolleycamp.com\/en\/","logo":{"@type":"ImageObject","inLanguage":"en-US","@id":"https:\/\/playvolleycamp.com\/en\/#\/schema\/logo\/image\/","url":"https:\/\/playvolleycamp.com\/wp-content\/uploads\/2023\/02\/logo-PVC-1024x702-1.png","contentUrl":"https:\/\/playvolleycamp.com\/wp-content\/uploads\/2023\/02\/logo-PVC-1024x702-1.png","width":1024,"height":702,"caption":"Play Volley Camp"},"image":{"@id":"https:\/\/playvolleycamp.com\/en\/#\/schema\/logo\/image\/"}}]}},"_links":{"self":[{"href":"https:\/\/playvolleycamp.com\/en\/wp-json\/wp\/v2\/pages\/3285","targetHints":{"allow":["GET"]}}],"collection":[{"href":"https:\/\/playvolleycamp.com\/en\/wp-json\/wp\/v2\/pages"}],"about":[{"href":"https:\/\/playvolleycamp.com\/en\/wp-json\/wp\/v2\/types\/page"}],"author":[{"embeddable":true,"href":"https:\/\/playvolleycamp.com\/en\/wp-json\/wp\/v2\/users\/1"}],"replies":[{"embeddable":true,"href":"https:\/\/playvolleycamp.com\/en\/wp-json\/wp\/v2\/comments?post=3285"}],"version-history":[{"count":9,"href":"https:\/\/playvolleycamp.com\/en\/wp-json\/wp\/v2\/pages\/3285\/revisions"}],"predecessor-version":[{"id":3324,"href":"https:\/\/playvolleycamp.com\/en\/wp-json\/wp\/v2\/pages\/3285\/revisions\/3324"}],"wp:attachment":[{"href":"https:\/\/playvolleycamp.com\/en\/wp-json\/wp\/v2\/media?parent=3285"}],"curies":[{"name":"wp","href":"https:\/\/api.w.org\/{rel}","templated":true}]}}